{"id":5,"date":"2025-10-07T20:40:48","date_gmt":"2025-10-07T20:40:48","guid":{"rendered":"https:\/\/rifu.es\/welcome-to-https-rifu-es\/"},"modified":"2025-12-19T14:53:55","modified_gmt":"2025-12-19T14:53:55","slug":"welcome-to-https-rifu-es","status":"publish","type":"page","link":"https:\/\/rifu.es\/es\/","title":{"rendered":"Team RiFu Mallorca \u2013 Nosotros nos encargamos."},"content":{"rendered":"<p><!-- =============================== --><br \/>\n<!--   HERO VIDEO + HEADLINE        --><br \/>\n<!-- =============================== --><\/p>\n<section class=\"bb-hero\" style=\"text-align:center; padding:80px 0 0;\">\n<div class=\"rifu-video-frame\">\n    <video id=\"welcomeVideo\" \nplaysinline\n preload=\"metadata\"\n      controls\n poster=\"https:\/\/rifu.es\/wp-content\/uploads\/2025\/11\/8C85C6D5-5FE9-4D67-ABC1-D45EBF0896F1.png\"\n      style=\"width:260px; height:auto; display:block;\"><source src=\"https:\/\/rifu.es\/wp-content\/uploads\/2025\/12\/9FA334FF-3F65-4DE3-EB03-0D5670E5FA5B.mp4\" type=\"video\/mp4\">Ihr Browser unterst\u00fctzt keine Videoanzeige.<\/video>\n  <\/div>\n<div style=\"margin-top:40px; text-align:center;\">\n    <a href=\"\/es\/willkommen\/\" \n       style=\"text-decoration:none;\"><\/p>\n<h2 style=\"            font-size:28px;             font-weight:700;             color:#ffffff;             margin:0 0 8px;            cursor:pointer;            transition: color 0.3s ease;            text-shadow:0 0 12px rgba(212,175,55,0.45);        \"><br \/>\n            Calidad en la que puede confiar \u2022 <span style=\"color:#d4af37;\">Descubrir \u2192<\/span><br \/>\n        <\/h2>\n<p>    <\/a>\n<\/div>\n<\/section>\n<style>\n\/* Rahmen & Glow um das Video *\/\n.rifu-video-frame {\n    display: inline-block;\n    padding: 0;\n    margin: 0 auto;\n    border: 2px solid #d4af37;                 \/* Gold *\/\n    border-radius: 14px;\n    box-shadow: 0 0 14px rgba(212, 175, 55, 0.55);\n    overflow: hidden;\n}\n<\/style>\n<p><!-- =============================== --><br \/>\n<!--              FOOTER + SEO TEXT --><br \/>\n<!-- =============================== --><\/p>\n<footer style=\"color:#aaa; text-align:center; padding:40px 20px; border-top:1px solid #222; margin-top:60px;\">\n<p style=\"color:#d4af37; font-weight:bold; margin-bottom:8px;\">\n    \u00a9 2025 Team RiFu Group \u2013 Mallorca\n  <\/p>\n<p style=\"margin:0; font-size:14px;\">\n    Todos los derechos reservados.<br \/>\n    <a style=\"color:#d4af37;\" href=\"\/es\/termin-buchen-2\/\">\ud83c\udde9\ud83c\uddea Terminbuchung<\/a> |<br \/>\n    <a style=\"color:#d4af37;\" href=\"\/es\/book-an-appointment\/\">\ud83c\uddec\ud83c\udde7 Book an Appointment<\/a> |<br \/>\n    <a style=\"color:#d4af37;\" href=\"\/es\/pide-tu-cita\/\">\ud83c\uddea\ud83c\uddf8 Pide tu cita<\/a> |<br \/>\n    <a style=\"color:#d4af37;\" href=\"\/es\/galerie\/\">Galer\u00eda Caos \/ Sin filtro \/ La vida real<\/a> |<br \/>\n    <a style=\"color:#d4af37;\" href=\"https:\/\/www.google.com\/search?q=Team+RiFu+Balear&#038;ludocid=1733055750335126#lrd=0x0:0x0,3\" target=\"_blank\" rel=\"noopener\">Rese\u00f1as de Google<\/a> |<br \/>\n    <a style=\"color:#d4af37;\" href=\"https:\/\/www.facebook.com\/profile.php?id=100063559904219\" target=\"_blank\" rel=\"noopener\">S\u00edganos en Facebook<\/a> |<br \/>\n    <a style=\"color:#d4af37;\" href=\"\/es\/datenschutzerklaerung\/\">Protecci\u00f3n de datos<\/a> |<br \/>\n    <a style=\"color:#d4af37;\" href=\"\/es\/kontakt\/\">Kontakt<\/a><br \/>\n    <a style=\"color:#d4af37;\" href=\"#top\">Arriba \u2191<\/a>\n  <\/p>\n<section style=\"color:#666; font-size:12px; line-height:1.6; padding:40px 20px; margin-top:40px; border-top:1px solid #222;\">\n<div style=\"max-width:900px; margin:0 auto; text-align:left;\">\n<h2 style=\"color:#888; font-size:14px; margin-bottom:10px;\">\n        Team RiFu Group \u2013 Servicios en Mallorca, Cala d\u2019Or, Santany\u00ed, Porto Petro &amp; Portocolom<br \/>\n      <\/h2>\n<p>\n        Klimaanlagen Installation Mallorca, Daikin Emura Spezialist Cala d\u2019Or, Klimaanlage Wartung Santany\u00ed,<br \/>\n        Reparaciones en Porto Petro y Portocolom, servicio de bombas, bombas de piscina Mallorca, servicios para el hogar y servicio de reparaciones<br \/>\n        Renovaci\u00f3n, modernizaci\u00f3n, servicio el\u00e9ctrico, servicio de fontaner\u00eda, administraci\u00f3n de propiedades Mallorca, mantenimiento de propiedades Cala d\u2019Or<br \/>\n        Mantenimiento de casas Mallorca, mantenimiento de casas vacacionales, compraventa de inmuebles Mallorca, intermediaci\u00f3n inmobiliaria Cala d\u2019Or<br \/>\n        Casas de vacaciones, servicio de alquiler, limpieza y mantenimiento.\n      <\/p>\n<h3 style=\"color:#888; font-size:14px; margin-top:25px; margin-bottom:10px;\">\n        T\u00e9cnica y Construcci\u00f3n \u2013 Regi\u00f3n Cala d\u2019Or, Porto Petro, Portocolom, Santany\u00ed<br \/>\n      <\/h3>\n<p>\n        Bombas de calor Mallorca, instalaci\u00f3n de aerotermia, sistemas R32, asesoramiento sobre eficiencia energ\u00e9tica, instalaci\u00f3n y montaje por<br \/>\n        t\u00e9cnicos cualificados, servicio de emergencia con cita previa en Cala d\u2019Or, Porto Petro, Santany\u00ed y Portocolom.\n      <\/p>\n<h3 style=\"color:#888; font-size:14px; margin-top:25px; margin-bottom:10px;\">\n        Inmobiliaria y Casas de vacaciones<br \/>\n      <\/h3>\n<p>\n        Agente inmobiliario Cala d\u2019Or, comprar apartamento Mallorca, comprar casa vacacional en Porto Petro, Portocolom y Santany\u00ed.<br \/>\n        Asesoramiento inmobiliario Santany\u00ed, servicio de alquiler Mallorca, servicio para el hogar y servicio de llaves Portocolom.\n      <\/p>\n<h3 style=\"color:#888; font-size:14px; margin-top:25px; margin-bottom:10px;\">\n        Servicio y Mantenimiento<br \/>\n      <\/h3>\n<p>\n        Servicio r\u00e1pido al cliente Mallorca, precios transparentes, reserva de citas en l\u00ednea, carga de fotos y documentos<br \/>\n        para consultas de reparaci\u00f3n, atenci\u00f3n personalizada por parte del equipo RiFu en Cala d\u2019Or, Santany\u00ed, Porto Petro y Portocolom.\n      <\/p>\n<\/p><\/div>\n<\/section>\n<\/footer>","protected":false},"excerpt":{"rendered":"<p>Ihr Browser unterst\u00fctzt keine Videoanzeige. Qualit\u00e4t, auf die Sie bauen k\u00f6nnen \u2022 Entdecken \u2192 \u00a9 2025 Team RiFu Group \u2013 Mallorca Alle Rechte vorbehalten. \ud83c\udde9\ud83c\uddea Terminbuchung | \ud83c\uddec\ud83c\udde7 Book an Appointment | \ud83c\uddea\ud83c\uddf8 Pide tu cita | Chaos Galerie \/ Kein Filter \/ Das wahre Leben | Google Bewertungen | Folgen Sie uns auf Facebook [&hellip;]<\/p>\n","protected":false},"author":1,"featured_media":0,"parent":0,"menu_order":0,"comment_status":"closed","ping_status":"open","template":"","meta":{"footnotes":""},"class_list":["post-5","page","type-page","status-publish","hentry"],"_links":{"self":[{"href":"https:\/\/rifu.es\/es\/wp-json\/wp\/v2\/pages\/5","targetHints":{"allow":["GET"]}}],"collection":[{"href":"https:\/\/rifu.es\/es\/wp-json\/wp\/v2\/pages"}],"about":[{"href":"https:\/\/rifu.es\/es\/wp-json\/wp\/v2\/types\/page"}],"author":[{"embeddable":true,"href":"https:\/\/rifu.es\/es\/wp-json\/wp\/v2\/users\/1"}],"replies":[{"embeddable":true,"href":"https:\/\/rifu.es\/es\/wp-json\/wp\/v2\/comments?post=5"}],"version-history":[{"count":323,"href":"https:\/\/rifu.es\/es\/wp-json\/wp\/v2\/pages\/5\/revisions"}],"predecessor-version":[{"id":2458,"href":"https:\/\/rifu.es\/es\/wp-json\/wp\/v2\/pages\/5\/revisions\/2458"}],"wp:attachment":[{"href":"https:\/\/rifu.es\/es\/wp-json\/wp\/v2\/media?parent=5"}],"curies":[{"name":"wp","href":"https:\/\/api.w.org\/{rel}","templated":true}]}}