{"id":1847,"date":"2025-11-26T19:31:55","date_gmt":"2025-11-26T19:31:55","guid":{"rendered":"https:\/\/rifu.es\/?page_id=1847"},"modified":"2025-11-26T19:36:17","modified_gmt":"2025-11-26T19:36:17","slug":"ingo-test","status":"publish","type":"page","link":"https:\/\/rifu.es\/es\/ingo-test\/","title":{"rendered":"Ingo-test"},"content":{"rendered":"<p><!-- =============================== --><br \/>\n<!--   HERO VIDEO + HEADLINE        --><br \/>\n<!-- =============================== --><\/p>\n<section class=\"bb-hero\" style=\"text-align:center; padding:80px 0 0;\">\n<div>\n    <video id=\"welcomeVideo\" \nstyle=\"width:220px; height:auto; border-radius:10px; border:2px solid #d4af37; box-shadow:0 0 12px rgba(212,175,55,.5);\"\n      poster=\"https:\/\/rifu.es\/wp-content\/uploads\/2025\/11\/IMG_3579.jpeg\"\n      preload=\"metadata\"\n      controls=\"controls\"><source src=\"https:\/\/rifu.es\/wp-content\/uploads\/2025\/11\/02547738-6263-BC0A-CCE7-7C5A7EE19CDE.mp4\" type=\"video\/mp4\" \/>Ihr Browser unterst\u00fctzt keine Videoanzeige.<\/video>\n  <\/div>\n<div style=\"margin-top:40px;\">\n<h2 style=\"font-size:28px; font-weight:700; color:#fff; margin:0 0 8px;\">\n      Qualit\u00e4t, auf die Sie bauen k\u00f6nnen.<br \/>\n    <\/h2>\n<\/p><\/div>\n<\/section>","protected":false},"excerpt":{"rendered":"<p>Ihr Browser unterst\u00fctzt keine Videoanzeige. Qualit\u00e4t, auf die Sie bauen k\u00f6nnen.<\/p>","protected":false},"author":1,"featured_media":0,"parent":0,"menu_order":0,"comment_status":"closed","ping_status":"closed","template":"","meta":{"footnotes":""},"class_list":["post-1847","page","type-page","status-publish","hentry"],"_links":{"self":[{"href":"https:\/\/rifu.es\/es\/wp-json\/wp\/v2\/pages\/1847","targetHints":{"allow":["GET"]}}],"collection":[{"href":"https:\/\/rifu.es\/es\/wp-json\/wp\/v2\/pages"}],"about":[{"href":"https:\/\/rifu.es\/es\/wp-json\/wp\/v2\/types\/page"}],"author":[{"embeddable":true,"href":"https:\/\/rifu.es\/es\/wp-json\/wp\/v2\/users\/1"}],"replies":[{"embeddable":true,"href":"https:\/\/rifu.es\/es\/wp-json\/wp\/v2\/comments?post=1847"}],"version-history":[{"count":2,"href":"https:\/\/rifu.es\/es\/wp-json\/wp\/v2\/pages\/1847\/revisions"}],"predecessor-version":[{"id":1852,"href":"https:\/\/rifu.es\/es\/wp-json\/wp\/v2\/pages\/1847\/revisions\/1852"}],"wp:attachment":[{"href":"https:\/\/rifu.es\/es\/wp-json\/wp\/v2\/media?parent=1847"}],"curies":[{"name":"wp","href":"https:\/\/api.w.org\/{rel}","templated":true}]}}