{"id":95,"date":"2025-10-08T14:54:47","date_gmt":"2025-10-08T14:54:47","guid":{"rendered":"https:\/\/rifu.es\/?page_id=95"},"modified":"2025-12-14T09:17:10","modified_gmt":"2025-12-14T09:17:10","slug":"rifu-holiday-home","status":"publish","type":"page","link":"https:\/\/rifu.es\/en\/rifu-holiday-home\/","title":{"rendered":"RiFu Holiday Home"},"content":{"rendered":"<p><!-- RIFU Slideshow: 5 Bilder, automatisch --><\/p>\n<div class=\"rifu-slideshow\">\n<div class=\"rifu-slide\">\n        <img decoding=\"async\" src=\"https:\/\/rifu.es\/wp-content\/uploads\/2025\/10\/412D9D4D-E910-4F28-8F00-36059D4A8A3F.png\" alt=\"Bild 1\">\n    <\/div>\n<div class=\"rifu-slide\">\n        <img decoding=\"async\" src=\"https:\/\/rifu.es\/wp-content\/uploads\/2025\/11\/Header.jpg\" alt=\"Bild 2\">\n    <\/div>\n<div class=\"rifu-slide\">\n        <img decoding=\"async\" src=\"https:\/\/rifu.es\/wp-content\/uploads\/2025\/10\/IMG_1400.jpeg\" alt=\"Bild 3\">\n    <\/div>\n<div class=\"rifu-slide\">\n        <img decoding=\"async\" src=\"https:\/\/rifu.es\/wp-content\/uploads\/2025\/11\/Mit-text.jpeg\" alt=\"Bild 4\">\n    <\/div>\n<div class=\"rifu-slide\">\n        <img decoding=\"async\" src=\"https:\/\/rifu.es\/wp-content\/uploads\/2025\/12\/Sonnenuntergang.png\" alt=\"Bild 5\">\n    <\/div>\n<\/div>\n<p><!-- =============================== --><br \/>\n<!--   HERO VIDEO + HEADLINE        --><br \/>\n<!-- =============================== --><\/p>\n<section class=\"bb-hero\" style=\"text-align:center; padding:80px 0 0;\">\n<div class=\"rifu-video-frame\">\n    <video id=\"welcomeVideo\" \nplaysinline\n preload=\"metadata\"\n      controls\n poster=\"https:\/\/rifu.es\/wp-content\/uploads\/2025\/12\/31362223-51A2-4B47-9331-7BCA25D20C66.png\"\n      style=\"width:260px; height:auto; display:block;\"><source src=\"https:\/\/rifu.es\/wp-content\/uploads\/2025\/12\/5F4B65B9-BFE9-39D0-19B0-243CC8448D61.mp4\" type=\"video\/mp4\">Ihr Browser unterst\u00fctzt keine Videoanzeige.<\/video>\n  <\/div>\n<\/section>\n<style>\n\/* Rahmen & Glow um das Video *\/\n.rifu-video-frame {\n    display: inline-block;\n    padding: 0;\n    margin: 0 auto;\n    border: 2px solid #d4af37;                 \/* Gold *\/\n    border-radius: 14px;\n    box-shadow: 0 0 14px rgba(212, 175, 55, 0.55);\n    overflow: hidden;\n}\n<\/style>\n<p><!-- Hauptrahmen --><\/p>\n<div style=\"text-align:center; padding-top:60px;\">\n<div style=\"margin-top:25px; margin-bottom:25px; text-align:center;\">\n<p>    <a href=\"\/en\/Objekt-2\/\" \n       style=\"display:block; color:#d4af37; font-size:20px; font-weight:600;               text-decoration:none; margin-bottom:12px; font-family:Helvetica,Arial,sans-serif;\"><br \/>\n        \u27a4 Villa Porto Colom<br \/>\n    <\/a><\/p>\n<p>    <a href=\"\/en\/Objekt-1\/\" \n       style=\"display:block; color:#d4af37; font-size:20px; font-weight:600;               text-decoration:none; margin-bottom:12px; font-family:Helvetica,Arial,sans-serif;\"><br \/>\n        \u27a4 Casa RiFu \u2013 Cala d&#8217;Or<br \/>\n    <\/a><\/p>\n<p>    <a href=\"\/en\/Objekt-3\/\" \n       style=\"display:block; color:#d4af37; font-size:20px; font-weight:600;               text-decoration:none; margin-bottom:12px; font-family:Helvetica,Arial,sans-serif;\"><br \/>\n        \u27a4 Apartment \u2013 Residencia Cala Dorada<br \/>\n    <\/a><\/p>\n<p>    <a href=\"\/en\/Objekt-4\/\" \n       style=\"display:block; color:#d4af37; font-size:20px; font-weight:600;               text-decoration:none; font-family:Helvetica,Arial,sans-serif;\"><br \/>\n        \u27a4 Apartment \u2013 Residencia Cala Dorada<br \/>\n    <\/a><\/p>\n<\/div>\n<p>    <!-- Kleiner Abstand --><\/p>\n<div style=\"height:40px;\"><\/div>\n<p>    <!-- Kurzer eleganter Text (sichtbar) --><\/p>\n<h2 style=\"color:#d4af37; font-family:Helvetica,Arial,sans-serif; font-size:26px; font-weight:600;\">\n        Discover exclusive holiday homes and villas on Mallorca<br \/>\n    <\/h2>\n<p style=\"color:#bbbbbb; font-family:Helvetica,Arial,sans-serif; font-size:16px; max-width:600px; margin:15px auto;\">\n        At Team RiFu Holiday Homes, you will find a curated selection of accommodations.<br \/>\n        that turn your holiday into something unforgettable.\n            <\/p>\n<\/div>\n<p><!-- ===================================================================== --><br \/>\n<!-- SEO-BLOCK (unsichtbar f\u00fcr Besucher, voll sichtbar f\u00fcr Google)         --><br \/>\n<!-- ===================================================================== --><\/p>\n<div style=\"margin-top:80px; font-size:0.1px; color:#000000;\">\n    Team RiFu Holiday Homes provides an exclusive range of holiday accommodations in Mallorca.<br \/>\n    Our holiday apartments in Mallorca, holiday houses in Mallorca, and fincas in Mallorca are ideal for<br \/>\n    couples, families, or groups who appreciate comfort and the authentic Mediterranean atmosphere.<br \/>\n    We present high-quality apartments, exclusive penthouses, and stylish modern homes across Mallorca.<br \/>\n    Holiday apartments and vacation rentals.<\/p>\n<p>    \"Especially popular are our holiday homes in Cala d\u2019Or, Santany\u00ed, Porto Petro, and beyond.<br \/>\n    Portocolom \u2013 dreamlike coastal towns with bays, restaurants, and typical Mallorcan<br \/>\n    \"Charm. From fincas with private pools to sea-view apartments and cozy town-center flats:<br \/>\n    Team RiFu Holiday Homes stands for quality, transparency, and personal support during<br \/>\n    throughout the entire stay\n<\/p><\/div>\n<p><!-- \ud83d\udd36 SEO TEXT \u2013 RIFU HOLIDAY HOMES (dezent) --><\/p>\n<div style=\"    max-width:900px;    margin:0 auto;    text-align:center;    padding:20px;    font-size:0.85rem;    color:#ffffff;    opacity:0.45;    line-height:1.55;\"><\/p>\n<p>\n        RIFU Holiday Homes offers exclusive <strong>Holiday apartments, holiday houses, apartments,<br \/>\n        Fincas and villas<\/strong> in Mallorca \u2013 perfect for your special holiday.<br \/>\n        Our properties are located in the most popular regions of the island, including<br \/>\n        <strong>Cala d\u2019Or, Porto Petro, Portocolom, Felanitx and Santany\u00ed<\/strong>.\n    <\/p>\n<p>\n        Whether a modern apartment complex, a traditional finca in Mallorcan style, or a comfortable<br \/>\n        a holiday home for the whole family or a luxurious villa with pool \u2013 we provide you<br \/>\n        present selected accommodations that meet the highest quality standards and offer ideal<br \/>\n        provide the conditions for a relaxing holiday.\n    <\/p>\n<p>\n        All holiday homes are carefully maintained and regularly inspected to ensure your<br \/>\n        to make your stay as pleasant as possible. Enjoy the relaxed atmosphere<br \/>\n        Mallorca\u2019s beautiful beaches, Mediterranean nature, and unforgettable days in<br \/>\n        high-quality holiday properties \u2013 with the reliable service of Team RIFU.\n    <\/p>\n<\/div>\n<\/div>\n<p><!-- =============================== --><br \/>\n<!--              FOOTER + SEO TEXT --><br \/>\n<!-- =============================== --><\/p>\n<footer style=\"color:#aaa; text-align:center; padding:40px 20px; border-top:1px solid #222; margin-top:60px;\">\n<p style=\"color:#d4af37; font-weight:bold; margin-bottom:8px;\">\n    \u00a9 2025 Team RiFu Group \u2013 Mallorca\n  <\/p>\n<p style=\"margin:0; font-size:14px;\">\n    All rights reserved.<br \/>\n        <a style=\"color:#d4af37;\" href=\"https:\/\/www.google.com\/search?q=Team+RiFu+Balear&#038;ludocid=1733055750335126#lrd=0x0:0x0,3\" target=\"_blank\" rel=\"noopener\">Google Reviews<\/a> |<br \/>\n    <a style=\"color:#d4af37;\" href=\"https:\/\/www.facebook.com\/profile.php?id=100063559904219\" target=\"_blank\" rel=\"noopener\">Follow us on Facebook<\/a> |<br \/>\n    <a style=\"color:#d4af37;\" href=\"\/en\/datenschutzerklaerung\/\">Privacy Policy<\/a> |<br \/>\n    <a style=\"color:#d4af37;\" href=\"#top\">Back to Top \u2191<\/a>\n  <\/p>\n<section style=\"color:#666; font-size:12px; line-height:1.6; padding:40px 20px; margin-top:40px; border-top:1px solid #222;\">\n<div style=\"max-width:900px; margin:0 auto; text-align:left;\">\n<h2 style=\"color:#888; font-size:14px; margin-bottom:10px;\">\n        Team RiFu Group - Services on Mallorca, Cala d'Or, Porto Petro &amp; Portocolom.<br \/>\n      <\/h2>\n<p>\n        Airconditionings, Instalation, Mallorca, Daikin, Cala d'Or, Maintenance, Santanyi.<br \/>\n        Repairs, Pumps, Swimming Pool Pumps, Home services. Mallorca, Cala d'Or, Portocolom &amp; Perto Petro.<br \/>\n        Refurbishments, Electrical services, Plumber, Administration, Mallorca, Cala d'Or, Porto Petro, Portocolom.<br \/>\n        Houskeeping, Property Services, Real Estate, Holiday Homes. Mallorca, Cala d'Or, Portocolom &amp; Porto Petro.<br \/>\n        Cleaningand Loundry Service for Homes, Properties. Mallorca, Portocolom, Porto Petro and Cala d'Or.\n      <\/p>\n<h3 style=\"color:#888; font-size:14px; margin-top:25px; margin-bottom:10px;\">\n        Builder, Constructor, Mallorca, Cala d'Or.<br \/>\n      <\/h3>\n<p>\n        Heating Pumps on Mallorca, Cala d'Or, Portocolom and Porto Petro.<br \/>\n        Qualified technicians, emergency service by appointment in Cala d\u2019Or, Porto Petro, Santany\u00ed and Portocolom.\n      <\/p>\n<h3 style=\"color:#888; font-size:14px; margin-top:25px; margin-bottom:10px;\">\n        Real Estate &#038; Holiday Homes<br \/>\n      <\/h3>\n<p>\n        Real Estate for buy and sell. Apartment, Finca, Houses and Holiday Homes. Mallorca, Cala d'Or.<br \/>\n        Real estate consulting in Santany\u00ed, rental service in Mallorca, home service &amp; key service in Portocolom\n      <\/p>\n<h3 style=\"color:#888; font-size:14px; margin-top:25px; margin-bottom:10px;\">\n        Service &amp; Care<br \/>\n      <\/h3>\n<p>\n        Fast customer service in Mallorca, transparent pricing, online appointment booking, upload of photos &amp; documents.<br \/>\n        For repair requests, personal support by Team RiFu in Cala d\u2019Or, Santany\u00ed, Porto Petro and Portocolom\n      <\/p>\n<\/p><\/div>\n<\/section>\n<\/footer>","protected":false},"excerpt":{"rendered":"<p>Ihr Browser unterst\u00fctzt keine Videoanzeige. \u27a4 Villa Porto Colom \u27a4 Casa RiFu \u2013 Cala d&#8217;Or \u27a4 Apartment \u2013 Residencia Cala Dorada \u27a4 Apartment \u2013 Residencia Cala Dorada Exklusive Ferienwohnungen &#038; Ferienh\u00e4user auf Mallorca Bei Team RiFu Holiday Homes finden Sie sorgf\u00e4ltig ausgew\u00e4hlte Unterk\u00fcnfte, die Ihren Urlaub zu etwas Besonderem machen. Team RiFu Holiday Homes bietet [&hellip;]<\/p>\n","protected":false},"author":1,"featured_media":0,"parent":0,"menu_order":0,"comment_status":"closed","ping_status":"closed","template":"","meta":{"footnotes":""},"class_list":["post-95","page","type-page","status-publish","hentry"],"_links":{"self":[{"href":"https:\/\/rifu.es\/en\/wp-json\/wp\/v2\/pages\/95","targetHints":{"allow":["GET"]}}],"collection":[{"href":"https:\/\/rifu.es\/en\/wp-json\/wp\/v2\/pages"}],"about":[{"href":"https:\/\/rifu.es\/en\/wp-json\/wp\/v2\/types\/page"}],"author":[{"embeddable":true,"href":"https:\/\/rifu.es\/en\/wp-json\/wp\/v2\/users\/1"}],"replies":[{"embeddable":true,"href":"https:\/\/rifu.es\/en\/wp-json\/wp\/v2\/comments?post=95"}],"version-history":[{"count":30,"href":"https:\/\/rifu.es\/en\/wp-json\/wp\/v2\/pages\/95\/revisions"}],"predecessor-version":[{"id":2427,"href":"https:\/\/rifu.es\/en\/wp-json\/wp\/v2\/pages\/95\/revisions\/2427"}],"wp:attachment":[{"href":"https:\/\/rifu.es\/en\/wp-json\/wp\/v2\/media?parent=95"}],"curies":[{"name":"wp","href":"https:\/\/api.w.org\/{rel}","templated":true}]}}